{"id":37,"date":"2016-02-11T11:30:21","date_gmt":"2016-02-11T11:30:21","guid":{"rendered":"http:\/\/127.0.0.1\/wp\/?page_id=37"},"modified":"2024-01-05T12:45:22","modified_gmt":"2024-01-05T12:45:22","slug":"produkte","status":"publish","type":"page","link":"https:\/\/www.suter-bodenbelaege.ch\/?page_id=37","title":{"rendered":"Produkte"},"content":{"rendered":"\n\t<h2>Sie m\u00f6chten Ihrem Haus oder Ihrer Wohnung noch mehr Ausruck verleihen? \u00a0Lassen Sie den Phantasien freien Lauf. Nichts ist unm\u00f6glich und alles ist erlaubt. Bei uns finden Sie Ideen und Inspirationen zum Thema Boden. In unserer Ausstellung zeigen wir verschiedene Holzdielen, Vinyl, Laminat, Linoleum oder Teppich. Lassen Sie sich \u00fcberraschen von den Qualit\u00e4ten und Farben. Gerne stellen wir Ihnen auch gr\u00f6ssere Muster zur Verf\u00fcgung.<\/h2>\n<a href=\"http:\/\/suter-bodenbelaege.ch\/?page_id=60\/\" target=\"_top\" rel=\"noopener\">\n\t    Parkett\t<\/a>\n\t<a href=\"https:\/\/www.suter-bodenbelaege.ch\/?page_id=60\/\" ><img decoding=\"async\" src=\"https:\/\/suter-bodenbelaege.ch\/wp-content\/uploads\/2016\/04\/prod_parkett.jpg\" alt=\"prod_parkett\" <\/a>\n<a href=\"http:\/\/suter-bodenbelaege.ch\/?page_id=64\" target=\"_top\" rel=\"noopener\">\n\t    Vinyl Comfort\t<\/a>\n\t<a href=\"https:\/\/www.suter-bodenbelaege.ch\/?page_id=64\/\" ><img decoding=\"async\" src=\"https:\/\/suter-bodenbelaege.ch\/wp-content\/uploads\/2016\/04\/prod_vinyl.jpg\" alt=\"prod_vinyl\" <\/a>\n<a href=\"http:\/\/suter-bodenbelaege.ch\/?page_id=62\" target=\"_top\" rel=\"noopener\">\n\t    Laminat\t<\/a>\n\t<a href=\"https:\/\/www.suter-bodenbelaege.ch\/?page_id=62\/\" ><img decoding=\"async\" src=\"https:\/\/suter-bodenbelaege.ch\/wp-content\/uploads\/2016\/04\/prod_laminat.jpg\" alt=\"prod_laminat\" <\/a>\n<a href=\"http:\/\/suter-bodenbelaege.ch\/?page_id=66\" target=\"_top\" rel=\"noopener\">\n\t    Teppich\t<\/a>\n\t<a href=\"https:\/\/www.suter-bodenbelaege.ch\/?page_id=66\/\" ><img decoding=\"async\" src=\"https:\/\/www.suter-bodenbelaege.ch\/wp-content\/uploads\/2024\/01\/Teppich-Victoria-1-e1704458482811.jpg\" alt=\"prod_teppich\" <\/a>\n","protected":false},"excerpt":{"rendered":"<p>Sie m\u00f6chten Ihrem Haus oder Ihrer Wohnung noch mehr Ausruck verleihen? \u00a0Lassen Sie den Phantasien freien Lauf. Nichts ist unm\u00f6glich und alles ist erlaubt. Bei uns finden Sie Ideen und Inspirationen zum Thema Boden. In unserer Ausstellung zeigen wir verschiedene Holzdielen, Vinyl, Laminat, Linoleum oder Teppich. Lassen Sie sich \u00fcberraschen von den Qualit\u00e4ten und Farben. <a class=\"moretag\" href=\"https:\/\/www.suter-bodenbelaege.ch\/?page_id=37\">Read More &#8230;<\/a><\/p>\n","protected":false},"author":2,"featured_media":0,"parent":0,"menu_order":0,"comment_status":"closed","ping_status":"closed","template":"full-width-page.php","meta":{"ngg_post_thumbnail":0,"footnotes":""},"class_list":["post-37","page","type-page","status-publish","hentry"],"_links":{"self":[{"href":"https:\/\/www.suter-bodenbelaege.ch\/index.php?rest_route=\/wp\/v2\/pages\/37","targetHints":{"allow":["GET"]}}],"collection":[{"href":"https:\/\/www.suter-bodenbelaege.ch\/index.php?rest_route=\/wp\/v2\/pages"}],"about":[{"href":"https:\/\/www.suter-bodenbelaege.ch\/index.php?rest_route=\/wp\/v2\/types\/page"}],"author":[{"embeddable":true,"href":"https:\/\/www.suter-bodenbelaege.ch\/index.php?rest_route=\/wp\/v2\/users\/2"}],"replies":[{"embeddable":true,"href":"https:\/\/www.suter-bodenbelaege.ch\/index.php?rest_route=%2Fwp%2Fv2%2Fcomments&post=37"}],"version-history":[{"count":7,"href":"https:\/\/www.suter-bodenbelaege.ch\/index.php?rest_route=\/wp\/v2\/pages\/37\/revisions"}],"predecessor-version":[{"id":350,"href":"https:\/\/www.suter-bodenbelaege.ch\/index.php?rest_route=\/wp\/v2\/pages\/37\/revisions\/350"}],"wp:attachment":[{"href":"https:\/\/www.suter-bodenbelaege.ch\/index.php?rest_route=%2Fwp%2Fv2%2Fmedia&parent=37"}],"curies":[{"name":"wp","href":"https:\/\/api.w.org\/{rel}","templated":true}]}}