{"id":39,"date":"2016-02-11T11:31:02","date_gmt":"2016-02-11T11:31:02","guid":{"rendered":"http:\/\/127.0.0.1\/wp\/?page_id=39"},"modified":"2025-01-26T17:40:25","modified_gmt":"2025-01-26T17:40:25","slug":"firma","status":"publish","type":"page","link":"https:\/\/www.suter-bodenbelaege.ch\/?page_id=39","title":{"rendered":"Firma"},"content":{"rendered":"\n<h2>\u00dcber Suter Bodenbel\u00e4ge AG<\/h2>\n\t<h2 align=\"justify\">Wir stellen uns vor:<\/h2>\n<h3 align=\"justify\">\u00a0<\/h3>\n<h3 align=\"justify\">Unser Familienbetrieb wurde 1942 gegr\u00fcndet und wird seit dem 1.1. 2002 als eine AG gef\u00fchrt.<\/h3>\n<h3 align=\"justify\">Die Firma wird in der dritten Generation geleitet.<br \/>Zurzeit sind wir eine Unternehmung mit total 9 Mitarbeitern\/innen.<\/h3>\n<h3 align=\"justify\">Unsere Spezialit\u00e4ten sind alle Bodenbel\u00e4ge f\u00fcr grosse und kleine Fl\u00e4chen, B\u00fcro oder Einfamilienhaus, aber auch nur f\u00fcr ein Zimmer.<\/h3>\n<h3 align=\"justify\">Ebenfalls Schleifen wir altgediente Parkettb\u00f6den und verleihen ihnen wieder ein neues Erscheinungsbild in ge\u00f6lter oder versiegelter Form.<\/h3>\n<h3>In unseren Ausstellungen finden Sie sicher Ihren individuellen pers\u00f6nlichen Bodenbelag.<\/h3>\n\t<table border=\"0\">\n    <tbody>\n        <tr>\n            <td>\n                <img decoding=\"async\" src=\"https:\/\/suter-bodenbelaege.ch\/wp-content\/uploads\/2016\/02\/mannschaft_autos.jpg\"\/>\n            <\/td>\n        <td>\n            <img decoding=\"async\" src=\"https:\/\/suter-bodenbelaege.ch\/wp-content\/uploads\/2016\/02\/IMG_2101.1-e1476195035757.jpg\"\/>\n        <\/td>\n        <\/tr>\n        <tr>\n            \n        <td>\n            <h2>\n               <b> Landhausdiele Portofino by Suter <\/b>\n            <\/h2>\n        <\/td>\n        <\/tr>\n    <\/tbody>\n<\/table>\n\t\t\t\t<img decoding=\"async\" src=\"http:\/\/suter-bodenbelaege.ch\/wp-content\/uploads\/2016\/02\/IMG_2098-1024x830.jpg\" alt=\"img_2098\" itemprop=\"image\" title=\"img_2098\" onerror=\"this.style.display='none'\"  \/>\n\t<h2>\n   <b>\n       Landhausdiele Ambiance by Suter\n   <\/b>\n<\/h2>\n\t<a name=\"Showroom\"><\/a>\n<h2>Showroom<\/h2>\n\t<p>Gerne k\u00f6nnen Sie sich in unserem Showroom beraten lassen und sich alle Produkte ansehen.<\/p>\n<p>F\u00fcr eine Beratung bitten wir Sie um eine Anmeldung.<\/p>\n<p>Mo-Do, 7:30 &#8211; 17:00 und Fr, 7:30 &#8211; 16:00 sind wir telefonisch unter <a href=\"tel:0562821310\">056 282 13 10<\/a> erreichbar oder kontaktieren Sie uns \u00fcber das <a href=\"https:\/\/www.suter-bodenbelaege.ch\/?page_id=41\">Kontaktformular<\/a>.<\/p>\n<p>Wir freuen uns auf Ihren Besuch.<\/p>\n\t\t\t\t<img loading=\"lazy\" decoding=\"async\" src=\"https:\/\/www.suter-bodenbelaege.ch\/wp-content\/uploads\/2023\/01\/IMG_5794-scaled.jpg\" alt=\"IMG_5794\" itemprop=\"image\" height=\"1920\" width=\"2560\" title=\"IMG_5794\" onerror=\"this.style.display='none'\"  \/>\n\t\t\t\t<img decoding=\"async\" src=\"http:\/\/suter-bodenbelaege.ch\/wp-content\/uploads\/2016\/02\/HPIM0988Ausstellung-1024x771.jpg\" alt=\"HPIM0988Ausstellung\" itemprop=\"image\" title=\"HPIM0988Ausstellung\" onerror=\"this.style.display='none'\"  \/>\n<h2>Unsere Hauptlieferanten<\/h2>\n\t<table style =\"width:100%\">\n<tr>\n<td> <a href=\"https:\/\/www.cabana.ch\/\" target=\"_blank\"><img decoding=\"async\" src=\"https:\/\/www.suter-bodenbelaege.ch\/wp-content\/uploads\/2023\/01\/cabana_logo.png\" alt=\"Cabana_Logo\" \/><\/a>\n<\/td>\n<td> <a href=\"https:\/\/www.bauwerk-parkett.com\/\" target=\"_blank\"> <img decoding=\"async\" src=\"https:\/\/suter-bodenbelaege.ch\/wp-content\/uploads\/2016\/04\/Bauwerk_Logo.jpg\" alt=\"Bauwerk_Logo\" \/><\/a>\n<\/td>\n<\/tr>\n<\/table>\n\n","protected":false},"excerpt":{"rendered":"<p>\u00dcber Suter Bodenbel\u00e4ge AG Wir stellen uns vor: \u00a0 Unser Familienbetrieb wurde 1942 gegr\u00fcndet und wird seit dem 1.1. 2002 als eine AG gef\u00fchrt. Die Firma wird in der dritten Generation geleitet.Zurzeit sind wir eine Unternehmung mit total 9 Mitarbeitern\/innen. Unsere Spezialit\u00e4ten sind alle Bodenbel\u00e4ge f\u00fcr grosse und kleine Fl\u00e4chen, B\u00fcro oder Einfamilienhaus, aber auch <a class=\"moretag\" href=\"https:\/\/www.suter-bodenbelaege.ch\/?page_id=39\">Read More &#8230;<\/a><\/p>\n","protected":false},"author":2,"featured_media":0,"parent":0,"menu_order":0,"comment_status":"closed","ping_status":"closed","template":"full-width-page.php","meta":{"ngg_post_thumbnail":0,"footnotes":""},"class_list":["post-39","page","type-page","status-publish","hentry"],"_links":{"self":[{"href":"https:\/\/www.suter-bodenbelaege.ch\/index.php?rest_route=\/wp\/v2\/pages\/39","targetHints":{"allow":["GET"]}}],"collection":[{"href":"https:\/\/www.suter-bodenbelaege.ch\/index.php?rest_route=\/wp\/v2\/pages"}],"about":[{"href":"https:\/\/www.suter-bodenbelaege.ch\/index.php?rest_route=\/wp\/v2\/types\/page"}],"author":[{"embeddable":true,"href":"https:\/\/www.suter-bodenbelaege.ch\/index.php?rest_route=\/wp\/v2\/users\/2"}],"replies":[{"embeddable":true,"href":"https:\/\/www.suter-bodenbelaege.ch\/index.php?rest_route=%2Fwp%2Fv2%2Fcomments&post=39"}],"version-history":[{"count":24,"href":"https:\/\/www.suter-bodenbelaege.ch\/index.php?rest_route=\/wp\/v2\/pages\/39\/revisions"}],"predecessor-version":[{"id":384,"href":"https:\/\/www.suter-bodenbelaege.ch\/index.php?rest_route=\/wp\/v2\/pages\/39\/revisions\/384"}],"wp:attachment":[{"href":"https:\/\/www.suter-bodenbelaege.ch\/index.php?rest_route=%2Fwp%2Fv2%2Fmedia&parent=39"}],"curies":[{"name":"wp","href":"https:\/\/api.w.org\/{rel}","templated":true}]}}